{"id":174,"date":"2018-09-20T21:02:02","date_gmt":"2018-09-20T21:02:02","guid":{"rendered":"http:\/\/gesangverein-weitramsdorf.de\/?page_id=174"},"modified":"2018-09-20T21:18:46","modified_gmt":"2018-09-20T21:18:46","slug":"der-chorleiter","status":"publish","type":"page","link":"https:\/\/gesangverein-weitramsdorf.de\/?page_id=174","title":{"rendered":"Der Dirigent"},"content":{"rendered":"<p><img loading=\"lazy\" decoding=\"async\" class=\" wp-image-185 aligncenter\" src=\"https:\/\/gesangverein-weitramsdorf.de\/wp-content\/uploads\/2018\/09\/DerDirigent_01-300x196.jpg\" alt=\"\" width=\"388\" height=\"254\" srcset=\"https:\/\/gesangverein-weitramsdorf.de\/wp-content\/uploads\/2018\/09\/DerDirigent_01-300x196.jpg 300w, https:\/\/gesangverein-weitramsdorf.de\/wp-content\/uploads\/2018\/09\/DerDirigent_01-768x501.jpg 768w, https:\/\/gesangverein-weitramsdorf.de\/wp-content\/uploads\/2018\/09\/DerDirigent_01-700x457.jpg 700w, https:\/\/gesangverein-weitramsdorf.de\/wp-content\/uploads\/2018\/09\/DerDirigent_01-800x522.jpg 800w, https:\/\/gesangverein-weitramsdorf.de\/wp-content\/uploads\/2018\/09\/DerDirigent_01-1320x862.jpg 1320w\" sizes=\"auto, (max-width: 388px) 100vw, 388px\" \/><\/p>\n<p><span style=\"font-size: large;\"><b>Wolfgang B\u00f6rner<\/b><\/span><\/p>\n<p><span style=\"font-size: large;\">absolvierte das musische Gymnasium Albertinum in Coburg, um an der p\u00e4dagogischen Hochschule Bamberg sein Lehrerstudium aufzu<\/span><span style=\"font-size: large;\">nehmen. Er trat 1975 seine erste Stelle an der R\u00fcckertschule in Coburg an. Seitdem unterrichtete er das Fach Musik, leitete Schul <\/span><span style=\"font-size: large;\">und Lehrerch\u00f6re.<\/span><\/p>\n<p><span style=\"font-size: large;\">In der Musikbegegnungsst\u00e4tte \u201eVilla Marteau\u201c in Lichtenberg bildete er sich 10 Jahre lang weiter ( Gesang, Bodypercussion, Rhythmik, Trommeln u.v.m.) und holte sich auf diese Weise Ideen f\u00fcr sein musi<\/span><span style=\"font-size: large;\">kalisches Wirken. Hier traf er auf den Dozenten Reinhold Wirsching, <\/span><\/p>\n<p><span style=\"font-size: large;\">Professor an der Universit\u00e4t Mozarteum in Salzburg. Dessen leidenschaftliche Art, musikalisch etwas auszudr\u00fccken und zu bewirken, hat ihn bewogen, an der Musikschule Kronach einen Dirigierkurs zu absolvieren. Seit 1995 sang Wolfgang B\u00f6rner im M\u00e4nnergesangverein von Weitramsdorf, war dort schnell 2. Chorlei<\/span><span style=\"font-size: large;\">ter unter dem verdienten Dirigenten Walter Schwab und \u00fcbernahm <\/span><span style=\"font-size: large;\">seit 2011 das Dirigat des M\u00e4nnerchores, des Frauenchores und des gemischten Chores. Wichtig erscheint dem Chorleiter, dass das Wort <\/span><span style=\"font-size: large;\">musikalisch bewusst vermittelt wird. Zur Zeit singt er in mehreren Ch\u00f6ren: Chor Unerh\u00f6rt, Chor der Chorleiter und Chor a cappella bavarese, seinem Lieblingschor.<\/span><\/p>\n<p><span style=\"font-size: large;\">Sein Leitsatz soll sein: <\/span><span style=\"font-size: large;\"><b>Beim Singen sollen sich Freude, Menschlichkeit, Leistung und Disziplin vereinen.<\/b><\/span><\/p>\n<div class=\"pvc_clear\"><\/div>\n<p class=\"pvc_stats all \" data-element-id=\"174\" style=\"\"><i class=\"pvc-stats-icon medium\" aria-hidden=\"true\"><svg aria-hidden=\"true\" focusable=\"false\" data-prefix=\"far\" data-icon=\"chart-bar\" role=\"img\" xmlns=\"http:\/\/www.w3.org\/2000\/svg\" viewBox=\"0 0 512 512\" class=\"svg-inline--fa fa-chart-bar fa-w-16 fa-2x\"><path fill=\"currentColor\" d=\"M396.8 352h22.4c6.4 0 12.8-6.4 12.8-12.8V108.8c0-6.4-6.4-12.8-12.8-12.8h-22.4c-6.4 0-12.8 6.4-12.8 12.8v230.4c0 6.4 6.4 12.8 12.8 12.8zm-192 0h22.4c6.4 0 12.8-6.4 12.8-12.8V140.8c0-6.4-6.4-12.8-12.8-12.8h-22.4c-6.4 0-12.8 6.4-12.8 12.8v198.4c0 6.4 6.4 12.8 12.8 12.8zm96 0h22.4c6.4 0 12.8-6.4 12.8-12.8V204.8c0-6.4-6.4-12.8-12.8-12.8h-22.4c-6.4 0-12.8 6.4-12.8 12.8v134.4c0 6.4 6.4 12.8 12.8 12.8zM496 400H48V80c0-8.84-7.16-16-16-16H16C7.16 64 0 71.16 0 80v336c0 17.67 14.33 32 32 32h464c8.84 0 16-7.16 16-16v-16c0-8.84-7.16-16-16-16zm-387.2-48h22.4c6.4 0 12.8-6.4 12.8-12.8v-70.4c0-6.4-6.4-12.8-12.8-12.8h-22.4c-6.4 0-12.8 6.4-12.8 12.8v70.4c0 6.4 6.4 12.8 12.8 12.8z\" class=\"\"><\/path><\/svg><\/i> &nbsp;5,425&nbsp;total views<\/p>\n<div class=\"pvc_clear\"><\/div>\n","protected":false},"excerpt":{"rendered":"<p>Wolfgang B\u00f6rner absolvierte das musische Gymnasium Albertinum in Coburg, um an der p\u00e4dagogischen Hochschule Bamberg sein Lehrerstudium aufzunehmen. Er trat 1975 seine erste Stelle an der R\u00fcckertschule in Coburg an. Seitdem unterrichtete er das Fach Musik, leitete Schul und Lehrerch\u00f6re. In der Musikbegegnungsst\u00e4tte \u201eVilla Marteau\u201c in Lichtenberg bildete er sich 10 Jahre lang weiter ( [&hellip;]<\/p>\n<div class=\"pvc_clear\"><\/div>\n<p class=\"pvc_stats all \" data-element-id=\"174\" style=\"\"><i class=\"pvc-stats-icon medium\" aria-hidden=\"true\"><svg aria-hidden=\"true\" focusable=\"false\" data-prefix=\"far\" data-icon=\"chart-bar\" role=\"img\" xmlns=\"http:\/\/www.w3.org\/2000\/svg\" viewBox=\"0 0 512 512\" class=\"svg-inline--fa fa-chart-bar fa-w-16 fa-2x\"><path fill=\"currentColor\" d=\"M396.8 352h22.4c6.4 0 12.8-6.4 12.8-12.8V108.8c0-6.4-6.4-12.8-12.8-12.8h-22.4c-6.4 0-12.8 6.4-12.8 12.8v230.4c0 6.4 6.4 12.8 12.8 12.8zm-192 0h22.4c6.4 0 12.8-6.4 12.8-12.8V140.8c0-6.4-6.4-12.8-12.8-12.8h-22.4c-6.4 0-12.8 6.4-12.8 12.8v198.4c0 6.4 6.4 12.8 12.8 12.8zm96 0h22.4c6.4 0 12.8-6.4 12.8-12.8V204.8c0-6.4-6.4-12.8-12.8-12.8h-22.4c-6.4 0-12.8 6.4-12.8 12.8v134.4c0 6.4 6.4 12.8 12.8 12.8zM496 400H48V80c0-8.84-7.16-16-16-16H16C7.16 64 0 71.16 0 80v336c0 17.67 14.33 32 32 32h464c8.84 0 16-7.16 16-16v-16c0-8.84-7.16-16-16-16zm-387.2-48h22.4c6.4 0 12.8-6.4 12.8-12.8v-70.4c0-6.4-6.4-12.8-12.8-12.8h-22.4c-6.4 0-12.8 6.4-12.8 12.8v70.4c0 6.4 6.4 12.8 12.8 12.8z\" class=\"\"><\/path><\/svg><\/i> &nbsp;5,425&nbsp;total views<\/p>\n<div class=\"pvc_clear\"><\/div>\n","protected":false},"author":1,"featured_media":0,"parent":0,"menu_order":0,"comment_status":"closed","ping_status":"closed","template":"","meta":{"ngg_post_thumbnail":0,"footnotes":""},"class_list":["post-174","page","type-page","status-publish","hentry","entry"],"_links":{"self":[{"href":"https:\/\/gesangverein-weitramsdorf.de\/index.php?rest_route=\/wp\/v2\/pages\/174","targetHints":{"allow":["GET"]}}],"collection":[{"href":"https:\/\/gesangverein-weitramsdorf.de\/index.php?rest_route=\/wp\/v2\/pages"}],"about":[{"href":"https:\/\/gesangverein-weitramsdorf.de\/index.php?rest_route=\/wp\/v2\/types\/page"}],"author":[{"embeddable":true,"href":"https:\/\/gesangverein-weitramsdorf.de\/index.php?rest_route=\/wp\/v2\/users\/1"}],"replies":[{"embeddable":true,"href":"https:\/\/gesangverein-weitramsdorf.de\/index.php?rest_route=%2Fwp%2Fv2%2Fcomments&post=174"}],"version-history":[{"count":4,"href":"https:\/\/gesangverein-weitramsdorf.de\/index.php?rest_route=\/wp\/v2\/pages\/174\/revisions"}],"predecessor-version":[{"id":191,"href":"https:\/\/gesangverein-weitramsdorf.de\/index.php?rest_route=\/wp\/v2\/pages\/174\/revisions\/191"}],"wp:attachment":[{"href":"https:\/\/gesangverein-weitramsdorf.de\/index.php?rest_route=%2Fwp%2Fv2%2Fmedia&parent=174"}],"curies":[{"name":"wp","href":"https:\/\/api.w.org\/{rel}","templated":true}]}}