{"id":172,"date":"2018-09-20T21:01:31","date_gmt":"2018-09-20T21:01:31","guid":{"rendered":"http:\/\/gesangverein-weitramsdorf.de\/?page_id=172"},"modified":"2019-01-09T21:36:59","modified_gmt":"2019-01-09T21:36:59","slug":"der-gesangverein","status":"publish","type":"page","link":"https:\/\/gesangverein-weitramsdorf.de\/?page_id=172","title":{"rendered":"Der Gesangverein"},"content":{"rendered":"<p>Der M\u00e4nnergesangverein Weitramsdorf wurde 1860 durch den damaligen Lehrer und Kantor Johann Albrecht Schneyer ins Leben gerufen. 26 Ortsb\u00fcrger folgten seinem Aufruf. In der Tradition der coburgischen Landliedertafeln bereicherten die S\u00e4nger sowohl das kirchliche als auch das gemeindliche Leben, bis heute. Ende 1878 beschloss man in Weitramsdorf, dem Gesangverein eine Lesegruppe anzugliedern, und so war der \u201eLese- und Gesangverein Weitramsdorf\u201c gegr\u00fcndet. Im Zweiten Weltkrieg kam 1942 das Singen zum Erliegen.<\/p>\n<p>Ab 1. Januar 1948 wurde der Verein wieder weitergef\u00fchrt und konnte regen Zuspruch an<br \/>\nden \u00dcbungsstunden erfahren. Dar\u00fcber hinaus konnte er bei seinen Liederabenden im<br \/>\nletzten Jahrzehnt in Weitramsdorf nicht nur zahlreiche befreundete Gesangvereine begr\u00fc\u00dfen,<br \/>\nsondern durfte in den zur\u00fcckliegenden 25 Jahren viele Liederabende und Freundschaftssingen<br \/>\nanl\u00e4sslich von Jubil\u00e4en aufsuchen. Im Jahr 2010 konnte das 150j\u00e4hrige Jubil\u00e4um gefeiert werden.<\/p>\n<p>2008 entstand w\u00e4hrend eines Ausfluges des Gruppenchores \u201eFr\u00e4nkische Krone\u201c unter dem Dirigenten Walter Schwab der Frauenchor. Seitdem singen unter seinem Nachfolger Wolfgang B\u00f6rner \u00fcber 50 Frauen und M\u00e4nner im Frauen- bzw. M\u00e4nnerchor, treten aber auch in einem gemischten Chor auf.<\/p>\n<p>Das gesangliche Repertoire reicht von Opernchors\u00e4tzen bis zum geistlichen Lied,<br \/>\nvom Volkslied bis zum Schlager.<\/p>\n<p>Rainer Axmann<\/p>\n<div class=\"pvc_clear\"><\/div>\n<p class=\"pvc_stats all \" data-element-id=\"172\" style=\"\"><i class=\"pvc-stats-icon medium\" aria-hidden=\"true\"><svg aria-hidden=\"true\" focusable=\"false\" data-prefix=\"far\" data-icon=\"chart-bar\" role=\"img\" xmlns=\"http:\/\/www.w3.org\/2000\/svg\" viewBox=\"0 0 512 512\" class=\"svg-inline--fa fa-chart-bar fa-w-16 fa-2x\"><path fill=\"currentColor\" d=\"M396.8 352h22.4c6.4 0 12.8-6.4 12.8-12.8V108.8c0-6.4-6.4-12.8-12.8-12.8h-22.4c-6.4 0-12.8 6.4-12.8 12.8v230.4c0 6.4 6.4 12.8 12.8 12.8zm-192 0h22.4c6.4 0 12.8-6.4 12.8-12.8V140.8c0-6.4-6.4-12.8-12.8-12.8h-22.4c-6.4 0-12.8 6.4-12.8 12.8v198.4c0 6.4 6.4 12.8 12.8 12.8zm96 0h22.4c6.4 0 12.8-6.4 12.8-12.8V204.8c0-6.4-6.4-12.8-12.8-12.8h-22.4c-6.4 0-12.8 6.4-12.8 12.8v134.4c0 6.4 6.4 12.8 12.8 12.8zM496 400H48V80c0-8.84-7.16-16-16-16H16C7.16 64 0 71.16 0 80v336c0 17.67 14.33 32 32 32h464c8.84 0 16-7.16 16-16v-16c0-8.84-7.16-16-16-16zm-387.2-48h22.4c6.4 0 12.8-6.4 12.8-12.8v-70.4c0-6.4-6.4-12.8-12.8-12.8h-22.4c-6.4 0-12.8 6.4-12.8 12.8v70.4c0 6.4 6.4 12.8 12.8 12.8z\" class=\"\"><\/path><\/svg><\/i> &nbsp;5,953&nbsp;total views, &nbsp;3&nbsp;views today<\/p>\n<div class=\"pvc_clear\"><\/div>\n","protected":false},"excerpt":{"rendered":"<p>Der M\u00e4nnergesangverein Weitramsdorf wurde 1860 durch den damaligen Lehrer und Kantor Johann Albrecht Schneyer ins Leben gerufen. 26 Ortsb\u00fcrger folgten seinem Aufruf. In der Tradition der coburgischen Landliedertafeln bereicherten die S\u00e4nger sowohl das kirchliche als auch das gemeindliche Leben, bis heute. Ende 1878 beschloss man in Weitramsdorf, dem Gesangverein eine Lesegruppe anzugliedern, und so war [&hellip;]<\/p>\n<div class=\"pvc_clear\"><\/div>\n<p class=\"pvc_stats all \" data-element-id=\"172\" style=\"\"><i class=\"pvc-stats-icon medium\" aria-hidden=\"true\"><svg aria-hidden=\"true\" focusable=\"false\" data-prefix=\"far\" data-icon=\"chart-bar\" role=\"img\" xmlns=\"http:\/\/www.w3.org\/2000\/svg\" viewBox=\"0 0 512 512\" class=\"svg-inline--fa fa-chart-bar fa-w-16 fa-2x\"><path fill=\"currentColor\" d=\"M396.8 352h22.4c6.4 0 12.8-6.4 12.8-12.8V108.8c0-6.4-6.4-12.8-12.8-12.8h-22.4c-6.4 0-12.8 6.4-12.8 12.8v230.4c0 6.4 6.4 12.8 12.8 12.8zm-192 0h22.4c6.4 0 12.8-6.4 12.8-12.8V140.8c0-6.4-6.4-12.8-12.8-12.8h-22.4c-6.4 0-12.8 6.4-12.8 12.8v198.4c0 6.4 6.4 12.8 12.8 12.8zm96 0h22.4c6.4 0 12.8-6.4 12.8-12.8V204.8c0-6.4-6.4-12.8-12.8-12.8h-22.4c-6.4 0-12.8 6.4-12.8 12.8v134.4c0 6.4 6.4 12.8 12.8 12.8zM496 400H48V80c0-8.84-7.16-16-16-16H16C7.16 64 0 71.16 0 80v336c0 17.67 14.33 32 32 32h464c8.84 0 16-7.16 16-16v-16c0-8.84-7.16-16-16-16zm-387.2-48h22.4c6.4 0 12.8-6.4 12.8-12.8v-70.4c0-6.4-6.4-12.8-12.8-12.8h-22.4c-6.4 0-12.8 6.4-12.8 12.8v70.4c0 6.4 6.4 12.8 12.8 12.8z\" class=\"\"><\/path><\/svg><\/i> &nbsp;5,953&nbsp;total views, &nbsp;3&nbsp;views today<\/p>\n<div class=\"pvc_clear\"><\/div>\n","protected":false},"author":1,"featured_media":0,"parent":0,"menu_order":0,"comment_status":"closed","ping_status":"closed","template":"","meta":{"ngg_post_thumbnail":0,"footnotes":""},"class_list":["post-172","page","type-page","status-publish","hentry","entry"],"_links":{"self":[{"href":"https:\/\/gesangverein-weitramsdorf.de\/index.php?rest_route=\/wp\/v2\/pages\/172","targetHints":{"allow":["GET"]}}],"collection":[{"href":"https:\/\/gesangverein-weitramsdorf.de\/index.php?rest_route=\/wp\/v2\/pages"}],"about":[{"href":"https:\/\/gesangverein-weitramsdorf.de\/index.php?rest_route=\/wp\/v2\/types\/page"}],"author":[{"embeddable":true,"href":"https:\/\/gesangverein-weitramsdorf.de\/index.php?rest_route=\/wp\/v2\/users\/1"}],"replies":[{"embeddable":true,"href":"https:\/\/gesangverein-weitramsdorf.de\/index.php?rest_route=%2Fwp%2Fv2%2Fcomments&post=172"}],"version-history":[{"count":3,"href":"https:\/\/gesangverein-weitramsdorf.de\/index.php?rest_route=\/wp\/v2\/pages\/172\/revisions"}],"predecessor-version":[{"id":496,"href":"https:\/\/gesangverein-weitramsdorf.de\/index.php?rest_route=\/wp\/v2\/pages\/172\/revisions\/496"}],"wp:attachment":[{"href":"https:\/\/gesangverein-weitramsdorf.de\/index.php?rest_route=%2Fwp%2Fv2%2Fmedia&parent=172"}],"curies":[{"name":"wp","href":"https:\/\/api.w.org\/{rel}","templated":true}]}}